{"id":20390,"date":"2019-01-15T08:51:35","date_gmt":"2019-01-15T08:51:35","guid":{"rendered":"https:\/\/poligrafija.lv\/home\/reviews\/"},"modified":"2023-10-02T08:15:11","modified_gmt":"2023-10-02T08:15:11","slug":"reviews","status":"publish","type":"page","link":"https:\/\/poligrafija.lv\/en\/reviews\/","title":{"rendered":"Testimonials"},"content":{"rendered":"\n\n\t<section class=\"section\" id=\"section_1353011673\">\n\t\t<div class=\"section-bg fill\" >\n\t\t\t\t\t\t\t\t\t\n\t\t\t\n\n\t\t<\/div>\n\n\t\t\n\n\t\t<div class=\"section-content relative\">\n\t\t\t\n\n<div class=\"row row-small align-center section-row atsauksmes\" style=\"max-width:1200px\" id=\"row-2079728524\">\n\n\n\t<div id=\"col-2067645926\" class=\"col small-12 large-12\"  >\n\t\t\t\t<div class=\"col-inner\"  >\n\t\t\t\n\t\t\t\n\n<div class=\"container section-title-container\" ><h1 class=\"section-title section-title-center\"><b aria-hidden=\"true\"><\/b><span class=\"section-title-main\" style=\"font-size:140%;\">customer testimonials<\/span><b aria-hidden=\"true\"><\/b><\/h1><\/div>\n\n\t<div id=\"gap-867713890\" class=\"gap-element clearfix\" style=\"display:block; height:auto;\">\n\t\t\n<style>\n#gap-867713890 {\n  padding-top: 50px;\n}\n<\/style>\n\t<\/div>\n\t\n\n\n\t\t<\/div>\n\t\t\t\t\t<\/div>\n\n\t\n\n\t<div id=\"col-1876535870\" class=\"col atsauksme-col small-12 large-12\"  >\n\t\t\t\t<div class=\"col-inner text-center\"  >\n\t\t\t\n\t\t\t\n\n\t<div id=\"text-2446803927\" class=\"text\">\n\t\t\n\n\n\t\t\n<style>\n#text-2446803927 {\n  text-align: center;\n}\n<\/style>\n\t<\/div>\n\t\n\n\t\t<\/div>\n\t\t\t\t\t<\/div>\n\n\t\n\n\n<style>\n#row-2079728524 > .col > .col-inner {\n  padding: 0px 70px 0px 70px;\n}\n@media (min-width:550px) {\n  #row-2079728524 > .col > .col-inner {\n    padding: 0px 0px 0px 0px;\n  }\n}\n<\/style>\n<\/div>\n\n\t\t<\/div>\n\n\t\t\n<style>\n#section_1353011673 {\n  padding-top: 105px;\n  padding-bottom: 105px;\n  margin-bottom: 0px;\n  background-color: rgb(255,255,255);\n}\n<\/style>\n\t<\/section>\n\t\n\n","protected":false},"excerpt":{"rendered":"","protected":false},"author":1,"featured_media":0,"parent":0,"menu_order":0,"comment_status":"closed","ping_status":"closed","template":"","meta":{"inline_featured_image":false,"_monsterinsights_skip_tracking":false,"_monsterinsights_sitenote_active":false,"_monsterinsights_sitenote_note":"","_monsterinsights_sitenote_category":0,"footnotes":""},"class_list":["post-20390","page","type-page","status-publish","hentry"],"yoast_head":"<!-- This site is optimized with the Yoast SEO plugin v27.4 - https:\/\/yoast.com\/product\/yoast-seo-wordpress\/ -->\n<title>reviews - advertising agency enivo<\/title>\n<meta name=\"description\" content=\"customer reviews We are grateful to our customers for their kind words about our cooperation so far and we look forward to hearing from you!\" \/>\n<meta name=\"robots\" content=\"index, follow, max-snippet:-1, max-image-preview:large, max-video-preview:-1\" \/>\n<link rel=\"canonical\" href=\"https:\/\/poligrafija.lv\/en\/reviews\/\" \/>\n<meta property=\"og:locale\" content=\"en_US\" \/>\n<meta property=\"og:type\" content=\"article\" \/>\n<meta property=\"og:title\" content=\"reviews - advertising agency enivo\" \/>\n<meta property=\"og:description\" content=\"customer reviews We are grateful to our customers for their kind words about our cooperation so far and we look forward to hearing from you!\" \/>\n<meta property=\"og:url\" content=\"https:\/\/poligrafija.lv\/en\/reviews\/\" \/>\n<meta property=\"og:site_name\" content=\"enivo\" \/>\n<meta property=\"article:publisher\" content=\"https:\/\/www.facebook.com\/poligrafija.lv\/\" \/>\n<meta property=\"article:modified_time\" content=\"2023-10-02T08:15:11+00:00\" \/>\n<meta name=\"twitter:card\" content=\"summary_large_image\" \/>\n<meta name=\"twitter:site\" content=\"@poligrafija_lv\" \/>\n<meta name=\"twitter:label1\" content=\"Est. reading time\" \/>\n\t<meta name=\"twitter:data1\" content=\"1 minute\" \/>\n<!-- \/ Yoast SEO plugin. -->","yoast_head_json":{"title":"reviews - advertising agency enivo","description":"customer reviews We are grateful to our customers for their kind words about our cooperation so far and we look forward to hearing from you!","robots":{"index":"index","follow":"follow","max-snippet":"max-snippet:-1","max-image-preview":"max-image-preview:large","max-video-preview":"max-video-preview:-1"},"canonical":"https:\/\/poligrafija.lv\/en\/reviews\/","og_locale":"en_US","og_type":"article","og_title":"reviews - advertising agency enivo","og_description":"customer reviews We are grateful to our customers for their kind words about our cooperation so far and we look forward to hearing from you!","og_url":"https:\/\/poligrafija.lv\/en\/reviews\/","og_site_name":"enivo","article_publisher":"https:\/\/www.facebook.com\/poligrafija.lv\/","article_modified_time":"2023-10-02T08:15:11+00:00","twitter_card":"summary_large_image","twitter_site":"@poligrafija_lv","twitter_misc":{"Est. reading time":"1 minute"},"schema":{"@context":"https:\/\/schema.org","@graph":[{"@type":"WebPage","@id":"https:\/\/poligrafija.lv\/en\/reviews\/","url":"https:\/\/poligrafija.lv\/en\/reviews\/","name":"reviews - advertising agency enivo","isPartOf":{"@id":"https:\/\/poligrafija.lv\/en\/#website"},"datePublished":"2019-01-15T08:51:35+00:00","dateModified":"2023-10-02T08:15:11+00:00","description":"customer reviews We are grateful to our customers for their kind words about our cooperation so far and we look forward to hearing from you!","breadcrumb":{"@id":"https:\/\/poligrafija.lv\/en\/reviews\/#breadcrumb"},"inLanguage":"en-US","potentialAction":[{"@type":"ReadAction","target":["https:\/\/poligrafija.lv\/en\/reviews\/"]}]},{"@type":"BreadcrumbList","@id":"https:\/\/poligrafija.lv\/en\/reviews\/#breadcrumb","itemListElement":[{"@type":"ListItem","position":1,"name":"Home","item":"https:\/\/poligrafija.lv\/en\/home\/"},{"@type":"ListItem","position":2,"name":"Testimonials"}]},{"@type":"WebSite","@id":"https:\/\/poligrafija.lv\/en\/#website","url":"https:\/\/poligrafija.lv\/en\/","name":"enivo","description":"Digit\u0101lie, Poligr\u0101fijas un Drukas Pakalpojumi - A\u0123ent\u016bra enivo","publisher":{"@id":"https:\/\/poligrafija.lv\/en\/#organization"},"potentialAction":[{"@type":"SearchAction","target":{"@type":"EntryPoint","urlTemplate":"https:\/\/poligrafija.lv\/en\/?s={search_term_string}"},"query-input":{"@type":"PropertyValueSpecification","valueRequired":true,"valueName":"search_term_string"}}],"inLanguage":"en-US"},{"@type":"Organization","@id":"https:\/\/poligrafija.lv\/en\/#organization","name":"enivo","url":"https:\/\/poligrafija.lv\/en\/","logo":{"@type":"ImageObject","inLanguage":"en-US","@id":"https:\/\/poligrafija.lv\/en\/#\/schema\/logo\/image\/","url":"https:\/\/poligrafija.lv\/wp-content\/uploads\/2023\/01\/enivo-print-logo.svg","contentUrl":"https:\/\/poligrafija.lv\/wp-content\/uploads\/2023\/01\/enivo-print-logo.svg","width":210,"height":80,"caption":"enivo"},"image":{"@id":"https:\/\/poligrafija.lv\/en\/#\/schema\/logo\/image\/"},"sameAs":["https:\/\/www.facebook.com\/poligrafija.lv\/","https:\/\/x.com\/poligrafija_lv","https:\/\/www.youtube.com\/user\/poligrafija"]}]}},"_links":{"self":[{"href":"https:\/\/poligrafija.lv\/en\/wp-json\/wp\/v2\/pages\/20390","targetHints":{"allow":["GET"]}}],"collection":[{"href":"https:\/\/poligrafija.lv\/en\/wp-json\/wp\/v2\/pages"}],"about":[{"href":"https:\/\/poligrafija.lv\/en\/wp-json\/wp\/v2\/types\/page"}],"author":[{"embeddable":true,"href":"https:\/\/poligrafija.lv\/en\/wp-json\/wp\/v2\/users\/1"}],"replies":[{"embeddable":true,"href":"https:\/\/poligrafija.lv\/en\/wp-json\/wp\/v2\/comments?post=20390"}],"version-history":[{"count":0,"href":"https:\/\/poligrafija.lv\/en\/wp-json\/wp\/v2\/pages\/20390\/revisions"}],"wp:attachment":[{"href":"https:\/\/poligrafija.lv\/en\/wp-json\/wp\/v2\/media?parent=20390"}],"curies":[{"name":"wp","href":"https:\/\/api.w.org\/{rel}","templated":true}]}}